{"id":654,"date":"2012-12-31T16:51:36","date_gmt":"2012-12-31T14:51:36","guid":{"rendered":"http:\/\/english.tehlikedekidiller.com\/?page_id=654"},"modified":"2021-04-07T01:29:51","modified_gmt":"2021-04-06T22:29:51","slug":"music","status":"publish","type":"page","link":"https:\/\/english.tehlikedekidiller.com\/?page_id=654","title":{"rendered":"Music"},"content":{"rendered":"<p>Birelmani (Karaim)<br \/>\nLyrics:\u00a0anonymous<br \/>\nMusic: Andrius Mamontovas<br \/>\nVocalist: Viktorija Juchneviciute<\/p>\n<div class=\"codeart-google-mp3-player\"><embed type=\"application\/x-shockwave-flash\" src=\"http:\/\/prac-gadget.googlecode.com\/svn\/branches\/google-audio-step.swf\" quality=\"best\" flashvars=\"audioUrl=http:\/\/www.tehlikedekidiller.com\/sesler\/1.mp3\"  width=\"500\" height=\"27\"><\/embed><\/div>\n<p>Es te, ep te (\u00c7uva\u015f)<br \/>\nLyrics &amp; Music: Dipendra Mani<br \/>\nVocalist: Dipendra Mani<\/p>\n<div class=\"codeart-google-mp3-player\"><embed type=\"application\/x-shockwave-flash\" src=\"http:\/\/prac-gadget.googlecode.com\/svn\/branches\/google-audio-step.swf\" quality=\"best\" flashvars=\"audioUrl=http:\/\/www.tehlikedekidiller.com\/sesler\/2.mp3\"  width=\"500\" height=\"27\"><\/embed><\/div>\n<p>Sah\u0131\u015flar (Karaim)<br \/>\nRecord: \u00c9v\u00e1 A. Csat\u00f3<\/p>\n<div class=\"codeart-google-mp3-player\"><embed type=\"application\/x-shockwave-flash\" src=\"http:\/\/prac-gadget.googlecode.com\/svn\/branches\/google-audio-step.swf\" quality=\"best\" flashvars=\"audioUrl=http:\/\/www.tehlikedekidiller.com\/sesler\/3.mp3\"  width=\"500\" height=\"27\"><\/embed><\/div>\n","protected":false},"excerpt":{"rendered":"<p>Birelmani (Karaim) Lyrics:\u00a0anonymous Music: Andrius Mamontovas Vocalist: Viktorija Juchneviciute Es te, ep te (\u00c7uva\u015f) Lyrics &amp; Music: Dipendra Mani Vocalist: Dipendra Mani Sah\u0131\u015flar (Karaim) Record: \u00c9v\u00e1 A. Csat\u00f3<\/p>\n","protected":false},"author":1,"featured_media":0,"parent":0,"menu_order":0,"comment_status":"closed","ping_status":"open","template":"page-fullwidth.php","meta":{"footnotes":""},"class_list":["post-654","page","type-page","status-publish","hentry"],"_links":{"self":[{"href":"https:\/\/english.tehlikedekidiller.com\/index.php?rest_route=\/wp\/v2\/pages\/654","targetHints":{"allow":["GET"]}}],"collection":[{"href":"https:\/\/english.tehlikedekidiller.com\/index.php?rest_route=\/wp\/v2\/pages"}],"about":[{"href":"https:\/\/english.tehlikedekidiller.com\/index.php?rest_route=\/wp\/v2\/types\/page"}],"author":[{"embeddable":true,"href":"https:\/\/english.tehlikedekidiller.com\/index.php?rest_route=\/wp\/v2\/users\/1"}],"replies":[{"embeddable":true,"href":"https:\/\/english.tehlikedekidiller.com\/index.php?rest_route=%2Fwp%2Fv2%2Fcomments&post=654"}],"version-history":[{"count":5,"href":"https:\/\/english.tehlikedekidiller.com\/index.php?rest_route=\/wp\/v2\/pages\/654\/revisions"}],"predecessor-version":[{"id":766,"href":"https:\/\/english.tehlikedekidiller.com\/index.php?rest_route=\/wp\/v2\/pages\/654\/revisions\/766"}],"wp:attachment":[{"href":"https:\/\/english.tehlikedekidiller.com\/index.php?rest_route=%2Fwp%2Fv2%2Fmedia&parent=654"}],"curies":[{"name":"wp","href":"https:\/\/api.w.org\/{rel}","templated":true}]}}