{"id":658,"date":"2012-12-31T16:58:32","date_gmt":"2012-12-31T14:58:32","guid":{"rendered":"http:\/\/english.tehlikedekidiller.com\/?page_id=658"},"modified":"2021-04-07T01:23:15","modified_gmt":"2021-04-06T22:23:15","slug":"video","status":"publish","type":"page","link":"https:\/\/english.tehlikedekidiller.com\/?page_id=658","title":{"rendered":"Video"},"content":{"rendered":"<hr noshade=\"noshade\" \/>\n<p><strong class=\"title-2\">&#8220;Son Sesler Duyulmadan&#8221; \/ &#8220;Before the Last Voices are Heard&#8221;<\/strong><\/p>\n<p><iframe loading=\"lazy\" title=\"Sos Sesler Duyulmadan\" width=\"500\" height=\"375\" src=\"https:\/\/www.youtube.com\/embed\/gAvon7JUlfo?feature=oembed\" frameborder=\"0\" allow=\"accelerometer; autoplay; clipboard-write; encrypted-media; gyroscope; picture-in-picture; web-share\" referrerpolicy=\"strict-origin-when-cross-origin\" allowfullscreen><\/iframe><\/p>\n<hr noshade=\"noshade\" \/>\n<p><strong class=\"title-2\">&#8220;Uzaklarda Bir Yerde Sibirya&#8217;da&#8221; \/ &#8220;Somewhere far away in Siberia&#8221;<\/strong><br \/>Kaynak: Timur Davletov \/ Source: Timur Davletov<\/p>\n<p><iframe loading=\"lazy\" title=\"SON SESLER - LAST VOICES  Uzaklarda Bir Yerde Sibirya&#039;da\" width=\"500\" height=\"281\" src=\"https:\/\/www.youtube.com\/embed\/cYxJlDk3SbQ?feature=oembed\" frameborder=\"0\" allow=\"accelerometer; autoplay; clipboard-write; encrypted-media; gyroscope; picture-in-picture; web-share\" referrerpolicy=\"strict-origin-when-cross-origin\" allowfullscreen><\/iframe><\/p>\n<hr noshade=\"noshade\" \/>\n<p><strong class=\"title-2\">&#8220;Yagnob Vadisi Yolunda&#8221; \/ &#8220;On the roads of Yagnob Valley&#8221;<\/strong><br \/>Yer: Du\u015fanbe-Pencakent Yolu \/ Location: Road of Dushanbe-Penjakent<br \/>Tarih: Haziran 2011 \/ Date: June 2011<br \/>Kamera: S\u00fcer Eker \/ Camera: Suer Eker<\/p>\n<p><iframe loading=\"lazy\" title=\"TDD-JofEL, Towards Penjakent\" width=\"500\" height=\"281\" src=\"https:\/\/www.youtube.com\/embed\/MLYCn5LDPE0?feature=oembed\" frameborder=\"0\" allow=\"accelerometer; autoplay; clipboard-write; encrypted-media; gyroscope; picture-in-picture; web-share\" referrerpolicy=\"strict-origin-when-cross-origin\" allowfullscreen><\/iframe><\/p>\n\n\n<hr class=\"wp-block-separator\"\/>\n\n\n\n<p><strong>&#8220;Tun-Ayran Hakas Halk Bayram\u0131&#8221; \/ &#8220;Tun-Ayran Khakass Folk Festival&#8221; \/ &#8220;\u0422\u0423\u041d \u0410\u0419\u0420\u0410\u041d&#8221;<\/strong><br>Kaynak: Timur Davletov \/ Source: Timur Davletov <\/p>\n\n\n\n<p><iframe loading=\"lazy\" title=\"SON SESLER Khakasia Tun  Ayran\" width=\"500\" height=\"281\" src=\"https:\/\/www.youtube.com\/embed\/nU7uRBi39zs?feature=oembed\" frameborder=\"0\" allow=\"accelerometer; autoplay; clipboard-write; encrypted-media; gyroscope; picture-in-picture; web-share\" referrerpolicy=\"strict-origin-when-cross-origin\" allowfullscreen><\/iframe><\/p>\n\n\n\n<hr class=\"wp-block-separator\"\/>\n\n\n\n<p><strong>&#8220;Arg\u0131mak&#8221; Grubu \/ &#8220;Arg\u0131mak&#8221; Band<\/strong><br>Solisti: Rinat Ramazanov \/ Singer: Rinat Ramazanov<br>Y\u00f6netmen ve kameraman: Riyaz \u0130shakov \/ Director and Cameraman: Riyaz \u0130shakov<br>Kurgu: Ayfar Daminov \/ Fiction: Ayfar Daminov<br>Kaynak: Ahad Salihov \/ Source: Ahad Salihov<br>&#8220;Zayat\u00fclek ve H\u0131uh\u0131l\u0131u&#8221; Ba\u015fkurt Destan\u0131ndan uyarlanm\u0131\u015ft\u0131r \/ Adopted from the Bashkir Legend of &#8220;Zayatulek and Hiuhiliu.<\/p>\n\n\n\n<p><iframe loading=\"lazy\" title=\"\u0411\u0430\u043b\u043a\u0430\u043d \u0442\u0430\u0443 \u0433\u043e\u0442\u043e\u0432\u044b\u0439\" width=\"500\" height=\"375\" src=\"https:\/\/www.youtube.com\/embed\/--8L7pwjcTk?feature=oembed\" frameborder=\"0\" allow=\"accelerometer; autoplay; clipboard-write; encrypted-media; gyroscope; picture-in-picture; web-share\" referrerpolicy=\"strict-origin-when-cross-origin\" allowfullscreen><\/iframe><\/p>\n\n\n\n<p><\/p>\n","protected":false},"excerpt":{"rendered":"<p>&#8220;Son Sesler Duyulmadan&#8221; \/ &#8220;Before the Last Voices are Heard&#8221; &#8220;Uzaklarda Bir Yerde Sibirya&#8217;da&#8221; \/ &#8220;Somewhere far away in Siberia&#8221;Kaynak: Timur Davletov \/ Source: Timur Davletov &#8220;Yagnob Vadisi Yolunda&#8221; \/ &#8220;On the roads of Yagnob Valley&#8221;Yer: Du\u015fanbe-Pencakent Yolu \/ Location: Road of Dushanbe-PenjakentTarih: Haziran 2011 \/ Date: June 2011Kamera: S\u00fcer Eker \/ Camera: Suer Eker &#8220;Tun-Ayran Hakas Halk Bayram\u0131&#8221; \/ &#8220;Tun-Ayran Khakass Folk Festival&#8221; \/ &#8220;\u0422\u0423\u041d \u0410\u0419\u0420\u0410\u041d&#8221;Kaynak: Timur Davletov \/ Source: Timur Davletov &#8220;Arg\u0131mak&#8221; Grubu \/ &#8220;Arg\u0131mak&#8221; BandSolisti: Rinat Ramazanov \/ Singer: Rinat RamazanovY\u00f6netmen ve kameraman: Riyaz \u0130shakov \/ Director and Cameraman: Riyaz \u0130shakovKurgu: Ayfar Daminov \/ Fiction: Ayfar DaminovKaynak:&nbsp;<a href=\"https:\/\/english.tehlikedekidiller.com\/?page_id=658\" class=\"read-more\">Continue Reading<\/a><\/p>\n","protected":false},"author":1,"featured_media":0,"parent":0,"menu_order":0,"comment_status":"closed","ping_status":"open","template":"page-fullwidth.php","meta":{"footnotes":""},"class_list":["post-658","page","type-page","status-publish","hentry"],"_links":{"self":[{"href":"https:\/\/english.tehlikedekidiller.com\/index.php?rest_route=\/wp\/v2\/pages\/658","targetHints":{"allow":["GET"]}}],"collection":[{"href":"https:\/\/english.tehlikedekidiller.com\/index.php?rest_route=\/wp\/v2\/pages"}],"about":[{"href":"https:\/\/english.tehlikedekidiller.com\/index.php?rest_route=\/wp\/v2\/types\/page"}],"author":[{"embeddable":true,"href":"https:\/\/english.tehlikedekidiller.com\/index.php?rest_route=\/wp\/v2\/users\/1"}],"replies":[{"embeddable":true,"href":"https:\/\/english.tehlikedekidiller.com\/index.php?rest_route=%2Fwp%2Fv2%2Fcomments&post=658"}],"version-history":[{"count":5,"href":"https:\/\/english.tehlikedekidiller.com\/index.php?rest_route=\/wp\/v2\/pages\/658\/revisions"}],"predecessor-version":[{"id":762,"href":"https:\/\/english.tehlikedekidiller.com\/index.php?rest_route=\/wp\/v2\/pages\/658\/revisions\/762"}],"wp:attachment":[{"href":"https:\/\/english.tehlikedekidiller.com\/index.php?rest_route=%2Fwp%2Fv2%2Fmedia&parent=658"}],"curies":[{"name":"wp","href":"https:\/\/api.w.org\/{rel}","templated":true}]}}